{"id":2,"date":"2022-11-29T14:56:27","date_gmt":"2022-11-29T13:56:27","guid":{"rendered":"http:\/\/studiopopote.fr\/?page_id=2"},"modified":"2025-05-28T11:24:02","modified_gmt":"2025-05-28T09:24:02","slug":"a-propos","status":"publish","type":"page","link":"https:\/\/studiopopote.fr\/index.php\/a-propos\/","title":{"rendered":"\u00e0 propos"},"content":{"rendered":"\n<p class=\"has-large-font-size\">Musiciens vous voulez une d\u00e9mo un peu pro pour d\u00e9marcher.<\/p>\n\n\n\n<p>Je propose mes services capter, mixer, monter et masteriser vos d\u00e9mos. Je m&#8217;adresse surtout aux musiciens en devenir ou aux groupes amateurs qui n&#8217;ont pas encore un budget assez cons\u00e9quent pour faire appel \u00e0 un studio professionnel.<\/p>\n\n\n\n<p><\/p>\n\n\n\n<p class=\"has-large-font-size\">Service communication, Youtubeur, Podcasteur, particulier<\/p>\n\n\n\n<p>Vous n&#8217;avez pas ou plus le temps de faire vos montages, je le fais pour vous, dans votre style. <\/p>\n\n\n\n<p>Je peux aussi faire votre captation vid\u00e9o et audio d&#8217;un interview.<\/p>\n\n\n\n<p><\/p>\n\n\n\n<p class=\"has-large-font-size\">Je suis<\/p>\n\n\n\n<p>Musicien, homestudiste, photographe amateur et informaticien de m\u00e9tier,  mes  passions se rejoignent dans le montage video et le mixage audio. <\/p>\n\n\n\n<p class=\"has-large-font-size\">Avec quoi ?<\/p>\n\n\n\n<p>Je m&#8217;\u00e9quipe de mat\u00e9riel milieu de gamme (micro, interface audio num\u00e9rique, cam\u00e9ra) et propose des prestations d&#8217;une qualit\u00e9 entre celle du n\u00e9ophyte et celle du professionnel de studio. <\/p>\n\n\n\n<p>Je travaille avec les logiciels :<\/p>\n\n\n\n<ul class=\"wp-block-list\">\n<li> Logic Pro X,<\/li>\n\n\n\n<li> Ableton Live, j&#8217;ai la certification RS6005,<\/li>\n\n\n\n<li>Arturia Analog Lab V,<\/li>\n\n\n\n<li>Native instrument Komplete 14.<\/li>\n<\/ul>\n\n\n\n<p class=\"has-large-font-size\">Combien \u00e7a coute ?<\/p>\n\n\n\n<p>Prix libre ! je vous fais confiance pour estimer vous m\u00eame ce que vaut mon travail en fonction de vos ressources. Je souhaite que l&#8217;argent ne soit pas un frein \u00e0 la diffusion de votre musique.<\/p>\n","protected":false},"excerpt":{"rendered":"<p>Musiciens vous voulez une d\u00e9mo un peu pro pour d\u00e9marcher. Je propose mes services capter, mixer, monter et masteriser vos d\u00e9mos. Je m&#8217;adresse surtout aux musiciens en devenir ou aux groupes amateurs qui n&#8217;ont pas encore un budget assez cons\u00e9quent pour faire appel \u00e0 un studio professionnel. Service communication, Youtubeur, Podcasteur, particulier Vous n&#8217;avez pas [&hellip;]<\/p>\n","protected":false},"author":2,"featured_media":0,"parent":0,"menu_order":0,"comment_status":"closed","ping_status":"open","template":"","meta":{"footnotes":""},"class_list":["post-2","page","type-page","status-publish","hentry"],"_links":{"self":[{"href":"https:\/\/studiopopote.fr\/index.php\/wp-json\/wp\/v2\/pages\/2","targetHints":{"allow":["GET"]}}],"collection":[{"href":"https:\/\/studiopopote.fr\/index.php\/wp-json\/wp\/v2\/pages"}],"about":[{"href":"https:\/\/studiopopote.fr\/index.php\/wp-json\/wp\/v2\/types\/page"}],"author":[{"embeddable":true,"href":"https:\/\/studiopopote.fr\/index.php\/wp-json\/wp\/v2\/users\/2"}],"replies":[{"embeddable":true,"href":"https:\/\/studiopopote.fr\/index.php\/wp-json\/wp\/v2\/comments?post=2"}],"version-history":[{"count":9,"href":"https:\/\/studiopopote.fr\/index.php\/wp-json\/wp\/v2\/pages\/2\/revisions"}],"predecessor-version":[{"id":119,"href":"https:\/\/studiopopote.fr\/index.php\/wp-json\/wp\/v2\/pages\/2\/revisions\/119"}],"wp:attachment":[{"href":"https:\/\/studiopopote.fr\/index.php\/wp-json\/wp\/v2\/media?parent=2"}],"curies":[{"name":"wp","href":"https:\/\/api.w.org\/{rel}","templated":true}]}}